{"id":11366,"date":"2014-09-18T14:49:53","date_gmt":"2014-09-18T14:49:53","guid":{"rendered":"http:\/\/localhost\/themes\/unicon_xml\/?page_id=11366"},"modified":"2014-09-18T14:49:53","modified_gmt":"2014-09-18T14:49:53","slug":"grafika-design-reklam-kreativ-kampany-marketing-branding-logo-arculat-media-kiadvany-brossura-hirdetes-dekoracio-webdesign-honlap-katalogus-tabla-plakat-szorolap-arculat-brandepites-reklamtervezes-rek","status":"publish","type":"page","link":"https:\/\/be-creative.hu\/index.php\/pages\/grafika-design-reklam-kreativ-kampany-marketing-branding-logo-arculat-media-kiadvany-brossura-hirdetes-dekoracio-webdesign-honlap-katalogus-tabla-plakat-szorolap-arculat-brandepites-reklamtervezes-rek\/","title":{"rendered":"SZOLG\u00c1LTAT\u00c1SAINK"},"content":{"rendered":"<p>[vc_row bg_image=&#8221;15109&#8243; top_padding=&#8221;100&#8243; bottom_padding=&#8221;50&#8243;][vc_column width=&#8221;1\/3&#8243;]<div class=\"flip\"><div class=\"iconbox  iconbox-style-9 icon-color-accent color-dark card clearfix\"><div class=\"iconbox-box1 face front\"><table><tr><td><i class=\"fa sl-screen-desktop boxicon\" style=\"\"><\/i><h3>Kreat\u00edv l\u00e1t\u00e1sm\u00f3d<\/h3><\/td><\/tr><\/table><\/div><div class=\"iconbox-box2 face back\"><table><tr><td><h3>Kreat\u00edv l\u00e1t\u00e1sm\u00f3d<\/h3><p>\n<p style=\"text-align: center;\">&#8222;Nem csak ig\u00e9nyes munk\u00e1kat k\u00e9sz\u00edtenek, az egyedi \u00f6tleteinknek is maxim\u00e1lisan eleget tesznek.\u00a0Ha a mi kreativit\u00e1sunk kimer\u00fclt, \u0151k mindig tudnak\u00a0aj\u00e1nlani valami k\u00fcl\u00f6nleges&#8230;.&#8221;<\/p>\n<\/p><\/td><\/tr><\/table><\/div><\/div><\/div>[\/vc_column][vc_column width=&#8221;1\/3&#8243;]<div class=\"flip\"><div class=\"iconbox  iconbox-style-9 icon-color-accent color-dark card clearfix\"><div class=\"iconbox-box1 face front\"><table><tr><td><i class=\"fa sl-support boxicon\" style=\"\"><\/i><h3>Min\u0151s\u00e9gi rekl\u00e1manyagok<\/h3><\/td><\/tr><\/table><\/div><div class=\"iconbox-box2 face back\"><table><tr><td><h3>Min\u0151s\u00e9gi rekl\u00e1manyagok<\/h3><div align=\"justify\">&#8222;&#8230;Mindig r\u00e1\u00e9reznek, hogy mit szeretn\u00e9nk \u00e9s ezt magas sz\u00ednvonalon val\u00f3s\u00edtj\u00e1k meg.&#8221;<\/div><\/td><\/tr><\/table><\/div><\/div><\/div>[\/vc_column][vc_column width=&#8221;1\/3&#8243;]<div class=\"flip\"><div class=\"iconbox  iconbox-style-9 icon-color-accent color-dark card clearfix\"><div class=\"iconbox-box1 face front\"><table><tr><td><i class=\"fa sl-bag boxicon\" style=\"\"><\/i><h3>R\u00f6vid hat\u00e1rid\u0151k<\/h3><\/td><\/tr><\/table><\/div><div class=\"iconbox-box2 face back\"><table><tr><td><h3>R\u00f6vid hat\u00e1rid\u0151k<\/h3><p>&#8222;&#8230;minden esetben gyorsan, pontosan, rugalmasan, ig\u00e9nyes min\u0151s\u00e9gben \u00e9s v\u00e1llalhat\u00f3 \u00e1ron teljes\u00edtitek.&#8221;<\/p><\/td><\/tr><\/table><\/div><\/div><\/div>[\/vc_column][\/vc_row][vc_row top_padding=&#8221;50&#8243; bottom_padding=&#8221;100&#8243; bg_position=&#8221;left top&#8221;][vc_column width=&#8221;1\/4&#8243;]<h2 class=\"headline font-special fontsize-m fontweight-700 lh-16 align-left transform-uppercase \" style=\"margin: 0;\">M\u00e1sok azt mondj\u00e1k ismerik a trendet.<br \/>\nMi azt mondjuk, \u00e9p\u00edts\u00fcnk egy brandet!<\/h2><div class=\"divider divider5\" style='margin:20px 0 0 0 !important;'><\/div>[\/vc_column][vc_column animation=&#8221;fade-in-from-right&#8221; column_center=&#8221;true&#8221; width=&#8221;3\/4&#8243;]<div class=\"iconbox  wpb_content_element iconbox-style-2 icon-color-greyscale color-dark clearfix\"><div class=\"iconbox-icon\"><i class=\"fa sl-emoticon-smile boxicon\" style=\"\"><\/i><\/div><div class=\"iconbox-content\"><h3>ARCULAT TERVEZ\u00c9S<\/h3><p>Hissz\u00fck, hogy c\u00e9ged arculata az identit\u00e1sod r\u00e9sze. Hisssz\u00fck, hogy napjainkban ez egy kisebb csal\u00e1di v\u00e1llalkoz\u00e1snak \u00e9pp olyan fontos, mint a nagy multik sz\u00e1m\u00e1ra. Hisssz\u00fck, hogy a kommunik\u00e1ci\u00f3s eszk\u00f6zeid &#8211; ide\u00e9rtve a <strong>n\u00e9vjegyk\u00e1rty\u00e1d<\/strong>, <strong>c\u00e9ged embl\u00e9m\u00e1j\u00e1t\/log\u00f3j\u00e1t<\/strong>, a <strong>kiadv\u00e1nyaid<\/strong>, a <strong>prezent\u00e1ci\u00f3s eszk\u00f6zeid<\/strong>, a <strong>weblapod<\/strong>, a c<strong>\u00e9ges aut\u00f3id dekorci\u00f3j\u00e1t<\/strong>, <strong>munkat\u00e1rsaid<\/strong> megjelen\u00e9s\u00e9t, <strong>ruh\u00e1zat\u00e1t<\/strong> \u00e9s viselked\u00e9s\u00e9t &#8211; meger\u0151s\u00edt\u0151 \u00fczenetk\u00e9nt hatnak \u00fcgyfeleidre.<\/p>\n<p>Mi\u00a0hisz\u00fcnk a m\u00e1rk\u00e1d \u00e9rt\u00e9k\u00e9ben.<\/p>\n<p>Hissz\u00fcnk a sz\u00ednek \u00e9s form\u00e1k ig\u00e9nyes elgondol\u00e1s\u00e1nak teremt\u0151 erej\u00e9ben. Hissz\u00fcnk a log\u00f3d \u00e9rt\u00e9k\u00e9ben, megjelen\u00e9se erej\u00e9ben, hissz\u00fck, hogy kiemel a t\u00f6megb\u0151l, azonos\u00edtja a c\u00e9ged \u00e9s eladja a term\u00e9ked. Hisz\u00fcnk\u00a0a <strong>plak\u00e1tod<\/strong> erej\u00e9ben, mely potenci\u00e1lis vev\u0151iddel \u00fczleti kapcsolatokat teremt. Hisz\u00fcnk a <strong>k\u00f6z\u00f6ss\u00e9gi m\u00e9dia<\/strong> erej\u00e9ben, mely ismertt\u00e9 tesz. \u00c9s <strong>hisz\u00fcnk c\u00e9ged arculat\u00e1ban<\/strong>, ami megmutatja mindazt, ami vagy.<\/p><\/div><\/div><div class=\"spacer\" style=\"height: 10px;\"><\/div><div class=\"iconbox  wpb_content_element iconbox-style-2 icon-color-greyscale color-dark clearfix\"><div class=\"iconbox-icon\"><i class=\"fa sl-paper-plane boxicon\" style=\"\"><\/i><\/div><div class=\"iconbox-content\"><h3>REKL\u00c1MGRAFIKA<\/h3><p>K\u00fcl\u00f6nbs\u00e9g a k\u00fcl\u00f6nlegess\u00e9gben.\u00a0Term\u00e9ked, szolg\u00e1ltat\u00e1sod rekl\u00e1mj\u00e1nak\u00a0\u00a0megtervez\u00e9s\u00e9vel nemcsak az elad\u00e1shoz\/\u00e9rt\u00e9kes\u00edt\u00e9shez j\u00e1rulnk hozz\u00e1, a vizu\u00e1lis elemeken kereszt\u00fcl v\u00e1s\u00e1rl\u00f3idban, partnereidben \u00e9rzelmeket is \u00e9breszt\u00fcnk.\u00a0<strong>Csomagol\u00e1stervez\u00e9s<\/strong>: a csomagol\u00e1s sz\u00e1mos esetben d\u00f6nt\u0151 t\u00e9nyez\u0151 a v\u00e1s\u00e1rl\u00e1st megel\u0151z\u0151 pillanatban. A csomagol\u00e1s egyben a brand arca.\u00a0<strong>Dekor\u00e1ci\u00f3\u00a0tervez\u00e9s<\/strong>: az a megjelen\u00e9sed, amely vonz\u00f3 \u00e9s szerethet\u0151 ahhoz, hogy v\u00e1s\u00e1rl\u00f3id rajong\u00f3id legyenek.<\/p><\/div><\/div>[\/vc_column][\/vc_row][vc_row type=&#8221;full_width_section&#8221; bg_position=&#8221;left top&#8221;][vc_column bg_color=&#8221;#222222&#8243; column_padding=&#8221;padding-5&#8243; text_color=&#8221;custom&#8221; custom_text_color=&#8221;#1cbac8&#8243; width=&#8221;1\/2&#8243;]<h1 class=\"headline font-special fontsize-xxxxxl fontweight-inherit lh-12 align-left transform-uppercase \" style=\"margin: 0 0 20px 0; color: #cc2e2e;\">MIN\u0150S\u00c9G, PROFIZMUS \u00c9S HASZNOS <span style=\"color: #ffffff;\">\u00d6TLETEK.<\/span><\/h1>[\/vc_column][vc_column bg_color=&#8221;#cc2e2e&#8221; column_padding=&#8221;padding-5&#8243; column_center=&#8221;true&#8221; text_color=&#8221;light&#8221; width=&#8221;1\/2&#8243;]<div class=\"iconbox  wpb_content_element iconbox-style-2 icon-color-greyscale color-dark clearfix\"><div class=\"iconbox-icon\"><i class=\"fa sl-book-open boxicon\" style=\"\"><\/i><\/div><div class=\"iconbox-content\"><h3>KIADV\u00c1NYSZERKESZT\u00c9S<\/h3><p>Hissz\u00fck, hogy \u00fcgyfeleiddel val\u00f3 kapcsolattart\u00e1s, kommunik\u00e1ci\u00f3 egyik eszk\u00f6ze a c\u00e9ged kiadv\u00e1nya. Egy kiadv\u00e1ny akkor t\u00f6lti be funkci\u00f3j\u00e1t, ha a m\u00e1r megl\u00e9v\u0151 \u00e9s a leend\u0151 \u00fcgyfeleid \u00e9rdekl\u0151d\u00e9s\u00e9t fel tudja kelteni. Erre sz\u00e1mos lehet\u0151s\u00e9ged van. Az egyik , hogy l\u00f3gj ki a sorb\u00f3l. Vagy ha ez nem megy, akkor ne l\u00f3gj ki a sorb\u00f3l, de l\u00e9gy informat\u00edv. Mindezt m\u00e1r az els\u0151 karakter le\u00fct\u00e9se el\u0151tt el kell d\u00f6ntened, \u00e9s figyelembe kell venned a kiadv\u00e1nyod terjeszt\u00e9s\u00e9t \u00e9s c\u00e9lcsoportj\u00e1t. Hogy milyen kiadv\u00e1nyt k\u00e9sz\u00edthet\u00fcnk neked?\u00a0<strong>Leporell\u00f3t <\/strong>I<strong> Bros\u00far\u00e1t<\/strong>\u00a0I\u00a0<strong>Katal\u00f3gust\u00a0<\/strong>I<strong>\u00a0<\/strong><strong>Magazint<\/strong> I\u00a0<strong>K\u00f6nyvet&#8230;\u00a0<\/strong>Mindezeket a legkisebb oldalsz\u00e1mt\u00f3l a v\u00e9gtelen sorozatokig.<\/p><\/div><\/div><div class=\"iconbox  wpb_content_element iconbox-style-2 icon-color-greyscale color-dark clearfix\"><div class=\"iconbox-icon\"><i class=\"fa sl-pin boxicon\" style=\"\"><\/i><\/div><div class=\"iconbox-content\"><h3>DEKOR\u00c1CI\u00d3 TERVEZ\u00c9S<\/h3><p>Hissz\u00fck, hogy sz\u00e1modra is ugyanolyan nagyszer\u0171 \u00e9rz\u00e9s, amikor egy l\u00e1tv\u00e1nyterv, grafika manifeszt\u00e1l\u00f3dik, \u00e9s a k\u00f6z\u00f6s munk\u00e1nk k\u00e9zzelfoghat\u00f3 \u00f6n\u00e1ll\u00f3 \u00e9letre kelve, term\u00e9kk\u00e9 v\u00e1lik. Hissz\u00fck, hogy mi\u00a0Geppetto-k vagyunk, hisz &#8211; csak\u00fagy, mint Pinoki\u00f3 mes\u00e9j\u00e9ben &#8211; a dekor\u00e1ci\u00f3 tervez\u00e9s az \u00e9letre kelt\u00e9s m\u0171v\u00e9szete; a tervekb\u0151l a nyomtat\u00e1s sor\u00e1n\u00a0alakulnak v\u00e9hglegess\u00e9\u00a0a grafik\u00e1k, vagy a v\u00e1g\u00f3g\u00e9ppel kialakul a v\u00e9gleges forma, \u00e9s amikor mindez \u00f6ssze\u00e1ll \u00e9s m\u00e1r k\u00e9zzel foghat\u00f3, ez a TE c\u00e9ged r\u00e9sze. Megszem\u00e9lyes\u00fcl. \u00c9letre kel egy <strong>j\u00e1rm\u0171- (g\u00e9pkocsi, haj\u00f3, motor)<\/strong> vagy egy <strong>\u00fczlet (pult, kiarakat, mozg\u00f3 elad\u00f3t\u00e9r)<\/strong> <strong>dekor\u00e1l\u00e1sa<\/strong> \u00e9s veled egy\u00fctt l\u00fcktetve \u00e9p\u00edti c\u00e9ged j\u00f6v\u0151j\u00e9t.<\/p><\/div><\/div>[\/vc_column][\/vc_row][vc_row top_padding=&#8221;100&#8243; bottom_padding=&#8221;100&#8243;][vc_column width=&#8221;1\/3&#8243;][vc_column_text]<\/p>\n<h6>Online-megjelen\u00e9s<\/h6>\n<p>Hissz\u00fck,\u00a0hogy a virtu\u00e1lis val\u00f3s\u00e1g kor\u00e1ban \u00e9s a l\u00e1jkol\u00e1s vil\u00e1g\u00e1ban n\u00e9lk\u00fcl\u00f6zhetetlen a <strong>k\u00f6z\u00f6ss\u00e9gi terekben t\u00f6rt\u00e9n\u0151 megjelen\u00e9s<\/strong> az <strong>on-line kommunik\u00e1ci\u00f3<\/strong> meger\u0151s\u00edt\u00e9shez. Erre legalkalmasabb egy j\u00f3l megtervezett <strong>weboldal<\/strong>. A\u00a0v\u00e1llalkoz\u00e1sod siker\u00e9t egy <strong>c\u00e9ges blog<\/strong> fenntart\u00e1s\u00e1val n\u00f6velheted, ahol kapcsolatot teremthetsz a c\u00e9lk\u00f6z\u00f6ns\u00e9geddel \u00e9s \u00edgy szem\u00e9lyes ismerts\u00e9ged \/ c\u00e9ged preszt\u00edzse n\u00f6vekedni fog ez\u00e1ltal. Persze, tudjuk ez az amire a legkevesebb id\u0151d jut, \u00e9ppen ez\u00e9rt aj\u00e1nljuk fel seg\u00edts\u00e9g\u00fcnket. Keress \u00e9s \u00e1lmodjuk meg egy\u00fctt\u00a0a <strong>k\u00f6z\u00f6ss\u00e9gi m\u00e9dia kam\u00e1nyodat<\/strong> vagy c\u00e9ges blogodat![\/vc_column_text][\/vc_column][vc_column width=&#8221;1\/3&#8243;][vc_column_text]<\/p>\n<h6>Nyomdai \u00fcgyint\u00e9z\u00e9s<\/h6>\n<p>Hissz\u00fck, hogy term\u00e9ked, szolg\u00e1ltat\u00e1sod megjelen\u00e9s\u00e9nek egyik v\u00e9gf\u00e1zisa az ig\u00e9nyes k\u00e9zzelfoghat\u00f3 nyomdai kivitelez\u00e9s eredm\u00e9nye. Ehhez &#8211; legyen sz\u00f3 csomagol\u00e1sr\u00f3l, brossur\u00e1r\u00f3l, vagy ak\u00e1r csak egy n\u00e9vjegyk\u00e1rty\u00e1r\u00f3l &#8211; a\u00a0c\u00e9lnak megfelel\u0151\u00a0<strong>legoptim\u00e1lisabb gy\u00e1rt\u00e1si m\u00f3d<\/strong>ot v\u00e1lasztjuk.[\/vc_column_text][\/vc_column][vc_column width=&#8221;1\/3&#8243;][vc_column_text]<\/p>\n<h6><b>Kult\u00fark\u00f6rnyezet tervez\u00e9s<\/b><\/h6>\n<p>K\u00f6sz\u00f6nj\u00fck, hogy eljutott\u00e1l id\u00e1ig. De most pihenj\u00fcnk meg egy percre! K\u00e9rlek, hunyd be a szemed \u00e9s k\u00e9pzeld magad egy sz\u00e1modra kedves helyre!\u00a0Ugye milyen b\u00e9k\u00e9s \ud83d\ude42\u00a0Pedig mindez csak a k\u00f6rnyezeten m\u00falik&#8230; Van egy j\u00f3 h\u00edr\u00fcnk sz\u00e1modra. 2016-t\u00f3l m\u00e1r <strong>kult\u00fark\u00f6rnyezet tervez\u00e9s\u00e9t<\/strong> is v\u00e1llaljuk. Ez a szolg\u00e1ltat\u00e1s neked \u00e9s r\u00f3lad sz\u00f3l. Mindazt foglalja mag\u00e1ban, amivel te a saj\u00e1t, a csal\u00e1dod, vagy a koll\u00e9g\u00e1id pihen\u00e9s\u00e9t, <strong>k\u00f6rnyezet\u00e9t, k\u00f6z\u00f6ss\u00e9gi tereit<\/strong> teheted m\u00e9g k\u00e9nyelmesebb\u00e9, kellemesebb\u00e9. Ide tartozik p\u00e9ld\u00e1ul egy kerti ki\u00fcl\u0151 <strong>m\u00e9retar\u00e1nyos megtervez\u00e9se<\/strong>, vagy egy ker\u00edt\u00e9s d\u00edsz\u00edt\u00e9s\u00e9nek <strong>l\u00e1tv\u00e1nyterve<\/strong>, egy <strong>bels\u0151\u00e9p\u00edt\u00e9szeti skicc, <\/strong>vagy ha tan\u00e1csalan vagy milyen tap\u00e9t\u00e1t v\u00e1lassz.\u00a0Igen, j\u00f3l l\u00e1tod, ez m\u00e1r-m\u00e1r lakberendez\u0151i\u00a0feladat, de ezt a szolg\u00e1ltat\u00e1st is megrendelheted t\u0151l\u00fcnk.[\/vc_column_text][\/vc_column][\/vc_row][vc_row type=&#8221;full_width_section&#8221; bg_position=&#8221;left top&#8221;][vc_column width=&#8221;1\/1&#8243;]<div class=\"callout clearfix\" style=\"background-color:#cc2e2e; color:#ffffff;\">\n\t\t<div class=\"callout-text\">Van egy j\u00f3 \u00f6tleted, amit sz\u00edvesen megval\u00f3s\u00edtan\u00e1l?<\/div>\n\t\t\t<div class=\"callout-button\"><a class=\"button medium color-8\" href=\"http:\/\/be-creative.hu\/pages\/contact\/\" target=\"_self\">Besz\u00e9l\u00fcnk r\u00f3la!<\/a><\/div>\n\t\t<\/div>[\/vc_column][\/vc_row]<\/p>\n","protected":false},"excerpt":{"rendered":"<p>[vc_row bg_image=&#8221;15109&#8243; top_padding=&#8221;100&#8243; bottom_padding=&#8221;50&#8243;][vc_column width=&#8221;1\/3&#8243;][\/vc_column][vc_column width=&#8221;1\/3&#8243;][\/vc_column][vc_column width=&#8221;1\/3&#8243;][\/vc_column][\/vc_row][vc_row top_padding=&#8221;50&#8243; bottom_padding=&#8221;100&#8243; bg_position=&#8221;left top&#8221;][vc_column width=&#8221;1\/4&#8243;][\/vc_column][vc_column animation=&#8221;fade-in-from-right&#8221; column_center=&#8221;true&#8221; width=&#8221;3\/4&#8243;][\/vc_column][\/vc_row][vc_row type=&#8221;full_width_section&#8221; bg_position=&#8221;left top&#8221;][vc_column bg_color=&#8221;#222222&#8243; column_padding=&#8221;padding-5&#8243; text_color=&#8221;custom&#8221; custom_text_color=&#8221;#1cbac8&#8243; width=&#8221;1\/2&#8243;][\/vc_column][vc_column bg_color=&#8221;#cc2e2e&#8221; column_padding=&#8221;padding-5&#8243; column_center=&#8221;true&#8221; text_color=&#8221;light&#8221; width=&#8221;1\/2&#8243;][\/vc_column][\/vc_row][vc_row top_padding=&#8221;100&#8243; bottom_padding=&#8221;100&#8243;][vc_column width=&#8221;1\/3&#8243;][vc_column_text] Online-megjelen\u00e9s Hissz\u00fck,\u00a0hogy a virtu\u00e1lis val\u00f3s\u00e1g kor\u00e1ban \u00e9s a l\u00e1jkol\u00e1s vil\u00e1g\u00e1ban n\u00e9lk\u00fcl\u00f6zhetetlen a k\u00f6z\u00f6ss\u00e9gi terekben t\u00f6rt\u00e9n\u0151 megjelen\u00e9s az on-line kommunik\u00e1ci\u00f3 meger\u0151s\u00edt\u00e9shez. Erre legalkalmasabb egy j\u00f3l megtervezett weboldal. A\u00a0v\u00e1llalkoz\u00e1sod siker\u00e9t egy c\u00e9ges blog fenntart\u00e1s\u00e1val n\u00f6velheted, ahol kapcsolatot teremthetsz a c\u00e9lk\u00f6z\u00f6ns\u00e9geddel \u00e9s \u00edgy szem\u00e9lyes ismerts\u00e9ged \/ c\u00e9ged preszt\u00edzse n\u00f6vekedni fog ez\u00e1ltal. Persze, tudjuk ez az amire a legkevesebb id\u0151d jut, \u00e9ppen ez\u00e9rt aj\u00e1nljuk fel seg\u00edts\u00e9g\u00fcnket. Keress \u00e9s \u00e1lmodjuk meg egy\u00fctt\u00a0a k\u00f6z\u00f6ss\u00e9gi m\u00e9dia kam\u00e1nyodat vagy c\u00e9ges blogodat![\/vc_column_text][\/vc_column][vc_column width=&#8221;1\/3&#8243;][vc_column_text] Nyomdai \u00fcgyint\u00e9z\u00e9s Hissz\u00fck, hogy term\u00e9ked, szolg\u00e1ltat\u00e1sod megjelen\u00e9s\u00e9nek egyik v\u00e9gf\u00e1zisa az ig\u00e9nyes k\u00e9zzelfoghat\u00f3 nyomdai kivitelez\u00e9s eredm\u00e9nye. Ehhez &#8211; legyen sz\u00f3 csomagol\u00e1sr\u00f3l, brossur\u00e1r\u00f3l, vagy ak\u00e1r csak egy n\u00e9vjegyk\u00e1rty\u00e1r\u00f3l &#8211; a\u00a0c\u00e9lnak megfelel\u0151\u00a0legoptim\u00e1lisabb gy\u00e1rt\u00e1si m\u00f3dot v\u00e1lasztjuk.[\/vc_column_text][\/vc_column][vc_column width=&#8221;1\/3&#8243;][vc_column_text] Kult\u00fark\u00f6rnyezet tervez\u00e9s K\u00f6sz\u00f6nj\u00fck, hogy eljutott\u00e1l id\u00e1ig. De most pihenj\u00fcnk meg egy percre! K\u00e9rlek, hunyd be a szemed \u00e9s k\u00e9pzeld magad egy sz\u00e1modra kedves helyre!\u00a0Ugye milyen b\u00e9k\u00e9s \ud83d\ude42\u00a0Pedig mindez csak a k\u00f6rnyezeten m\u00falik&#8230; Van egy j\u00f3 h\u00edr\u00fcnk sz\u00e1modra. 2016-t\u00f3l m\u00e1r kult\u00fark\u00f6rnyezet tervez\u00e9s\u00e9t is v\u00e1llaljuk. Ez a szolg\u00e1ltat\u00e1s neked \u00e9s r\u00f3lad sz\u00f3l. Mindazt foglalja mag\u00e1ban, amivel te a saj\u00e1t, a csal\u00e1dod, vagy a koll\u00e9g\u00e1id [&hellip;]<\/p>\n","protected":false},"author":2,"featured_media":0,"parent":3182,"menu_order":0,"comment_status":"open","ping_status":"closed","template":"","meta":{"_bbp_topic_count":0,"_bbp_reply_count":0,"_bbp_total_topic_count":0,"_bbp_total_reply_count":0,"_bbp_voice_count":0,"_bbp_anonymous_reply_count":0,"_bbp_topic_count_hidden":0,"_bbp_reply_count_hidden":0,"_bbp_forum_subforum_count":0},"_links":{"self":[{"href":"https:\/\/be-creative.hu\/index.php\/wp-json\/wp\/v2\/pages\/11366"}],"collection":[{"href":"https:\/\/be-creative.hu\/index.php\/wp-json\/wp\/v2\/pages"}],"about":[{"href":"https:\/\/be-creative.hu\/index.php\/wp-json\/wp\/v2\/types\/page"}],"author":[{"embeddable":true,"href":"https:\/\/be-creative.hu\/index.php\/wp-json\/wp\/v2\/users\/2"}],"replies":[{"embeddable":true,"href":"https:\/\/be-creative.hu\/index.php\/wp-json\/wp\/v2\/comments?post=11366"}],"version-history":[{"count":0,"href":"https:\/\/be-creative.hu\/index.php\/wp-json\/wp\/v2\/pages\/11366\/revisions"}],"up":[{"embeddable":true,"href":"https:\/\/be-creative.hu\/index.php\/wp-json\/wp\/v2\/pages\/3182"}],"wp:attachment":[{"href":"https:\/\/be-creative.hu\/index.php\/wp-json\/wp\/v2\/media?parent=11366"}],"curies":[{"name":"wp","href":"https:\/\/api.w.org\/{rel}","templated":true}]}}