{"id":221,"date":"2013-01-07T14:24:31","date_gmt":"2013-01-07T14:24:31","guid":{"rendered":"http:\/\/inovado2.mintithemes.com\/?page_id=221"},"modified":"2023-10-27T22:15:25","modified_gmt":"2023-10-27T22:15:25","slug":"grafikai-tervezes-reklamgrafika-grafika-design-reklam-kreativ-kampany-marketing-branding-logo-arculat-media-kiadvany-brossura-hirdetes-dekoracio-webdesign-honlap-katalogus-tabla-plakat-szorolap-arcu","status":"publish","type":"page","link":"https:\/\/be-creative.hu\/index.php\/pages\/grafikai-tervezes-reklamgrafika-grafika-design-reklam-kreativ-kampany-marketing-branding-logo-arculat-media-kiadvany-brossura-hirdetes-dekoracio-webdesign-honlap-katalogus-tabla-plakat-szorolap-arcu\/","title":{"rendered":"\u00c1RAINK"},"content":{"rendered":"<p>[vc_row top_padding=&#8221;80&#8243; bottom_padding=&#8221;80&#8243; bg_position=&#8221;left top&#8221;][vc_column width=&#8221;1\/1&#8243;]<h2 class=\"headline font-special fontsize-m fontweight-700 lh-inherit align-center transform-uppercase \" style=\"margin: 0 0 20px 0;\">Tervez\u00e9si \u00e1raink<\/h2><div class=\"headline font-inherit fontsize-m fontweight-inherit lh-inherit align-center transform-inherit \" style=\"margin: 0; color: #999999;\">Az egyedi ig\u00e9nyek sokf\u00e9les\u00e9g\u00e9hez hasonl\u00f3an, tervez\u00e9si \u00e1raink is a v\u00e1lasztott szolg\u00e1ltat\u00e1s \u00f6sszetetts\u00e9g\u00e9t\u0151l \u00e9s id\u0151ig\u00e9nyess\u00e9g\u00e9t\u0151l f\u00fcgg\u0151en v\u00e1ltoznak. Ez\u00e9rt a tervez\u00e9si d\u00edj meghat\u00e1roz\u00e1sa csak az adott tervez\u00e9si munka ismeret\u00e9ben lehets\u00e9ges pontosan. Amennyiben van pontos elk\u00e9pzel\u00e9s \u00e9s konkr\u00e9t, felhaszn\u00e1lhat\u00f3 anyagok (k\u00e9pek, log\u00f3, sz\u00f6veg), \u00fagy r\u00f6videbb id\u0151 alatt \u00e9s kedvez\u0151bb d\u00edjjal tudjuk megval\u00f3s\u00edtani a tervez\u00e9si munk\u00e1t. Ha nem tal\u00e1lod a szolg\u00e1ltat\u00e1sok k\u00f6z\u00f6tt amit keresel, vagy nem vagy biztos abban, hogy melyik vonatkozik az ig\u00e9nyeidhez, k\u00e9rlek pontos aj\u00e1nlat\u00e9rt keress az el\u00e9rhet\u0151s\u00e9geink valamelyik\u00e9n. Az \u00e1raink nett\u00f3 \u00e1rak, nem tartalmazz\u00e1k az \u00c1F\u00c1-t.<\/div><div class=\"divider divider1\" style='margin:60px 0 80px 0 !important;'><\/div>[vc_row_inner][vc_column_inner width=&#8221;1\/3&#8243;]<div class=\"pricing-plan pricing-color-true wpb_content_element\">\n\t\t\t\t<div class=\"pricing-plan-head\" style=\"background-color:#afafaf;\">\n\t\t\t\t\t<h3>Logo tervez\u00e9s<\/h3>\n\t\t\t\t\t<div class=\"pricing-price\"><span class=\"pricing-amount\">50.000 Ft-t\u00f3l<\/span><span class=\"pricing-per\"><\/span><\/div>\n\t\t\t\t<\/div>\n\t\t\t\t\n<ul>\n<li><strong>Logo tervek<\/strong>\u00a0(3db)<\/li>\n<li><strong>V\u00e1lasztott terv\u00a0<\/strong>v\u00e9gleges\u00edt\u00e9se<\/li>\n<li><strong>Vektoros<\/strong>\u00a0file \u00e1tad\u00e1sa<\/li>\n<li><strong>Raszteres<\/strong>\u00a0file\u00a0\u00e1tad\u00e1sa<\/li>\n<\/ul>\n\n\t\t\t\t<div class=\"pricing-signup\"><a href=\"http:\/\/be-creative.hu\/pages\/grafika-design-kontakt-reklam-kreativ-kampany-marketing-branding-logo-arculat-media-kiadvany-brossura-hirdetes-dekoracio-webdesign-honlap-elerhetoseg-katalogus-tabla-plakat-szorolap-arculat-brandepite\/\" class=\"button color-5\">\u00c9rdekel!<\/a><\/div>\n\t\t\t<\/div>[\/vc_column_inner][vc_column_inner width=&#8221;1\/3&#8243;]<div class=\"pricing-plan pricing-color-true wpb_content_element\">\n\t\t\t\t<div class=\"pricing-plan-head\" style=\"background-color:#cc2e2e;\">\n\t\t\t\t\t<h3>Kis arculat csomag<\/h3>\n\t\t\t\t\t<div class=\"pricing-price\"><span class=\"pricing-amount\">70.000 Ft-t\u00f3l<\/span><span class=\"pricing-per\"><\/span><\/div>\n\t\t\t\t<\/div>\n\t\t\t\t\n<ul>\n<li><strong>Logo tervek <\/strong>(3 db)<\/li>\n<li><strong>V\u00e1laszott terv<\/strong> v\u00e9gleges\u00edt\u00e9se<\/li>\n<li><strong>N\u00e9vjegy<\/strong>\u00a0grafika<\/li>\n<li><b>Lev\u00e9lpap\u00edr<\/b> tervez\u00e9se<\/li>\n<li><strong>eMail al\u00e1\u00edr\u00e1s\u00a0<\/strong>tervez\u00e9se<\/li>\n<\/ul>\n\n\t\t\t\t<div class=\"pricing-signup\"><a href=\"http:\/\/be-creative.hu\/pages\/grafika-design-kontakt-reklam-kreativ-kampany-marketing-branding-logo-arculat-media-kiadvany-brossura-hirdetes-dekoracio-webdesign-honlap-elerhetoseg-katalogus-tabla-plakat-szorolap-arculat-brandepite\/\" class=\"button color-5\">\u00c9rdekel!<\/a><\/div>\n\t\t\t<\/div>[\/vc_column_inner][vc_column_inner width=&#8221;1\/3&#8243;]<div class=\"pricing-plan pricing-color-true wpb_content_element\">\n\t\t\t\t<div class=\"pricing-plan-head\" style=\"background-color:#444444;\">\n\t\t\t\t\t<h3>Nagy arculat csomag<\/h3>\n\t\t\t\t\t<div class=\"pricing-price\"><span class=\"pricing-amount\">95.000 Ft-t\u00f3l<\/span><span class=\"pricing-per\"><\/span><\/div>\n\t\t\t\t<\/div>\n\t\t\t\t\n<ul>\n<li><strong>Logo tervek <\/strong>(3 db)<\/li>\n<li><strong>V\u00e1laszott terv<\/strong> v\u00e9gleges\u00edt\u00e9se<\/li>\n<li><strong>3 db n\u00e9vre sz\u00f3l\u00f3 n\u00e9vjegy<\/strong>\u00a0grafika<\/li>\n<li><b>Lev\u00e9lpap\u00edr<\/b> tervez\u00e9se<\/li>\n<li><strong>3 db eMail al\u00e1\u00edr\u00e1s\u00a0<\/strong>grafika<\/li>\n<li><strong>Facebook<\/strong> profil \u00e9s bor\u00edt\u00f3k\u00e9p<\/li>\n<\/ul>\n\n\t\t\t\t<div class=\"pricing-signup\"><a href=\"http:\/\/be-creative.hu\/pages\/grafika-design-kontakt-reklam-kreativ-kampany-marketing-branding-logo-arculat-media-kiadvany-brossura-hirdetes-dekoracio-webdesign-honlap-elerhetoseg-katalogus-tabla-plakat-szorolap-arculat-brandepite\/\" class=\"button color-5\">\u00c9rdekel!<\/a><\/div>\n\t\t\t<\/div>[\/vc_column_inner][\/vc_row_inner][\/vc_column][\/vc_row][vc_row bg_color=&#8221;#fafafa&#8221; top_padding=&#8221;80&#8243; bottom_padding=&#8221;80&#8243; bg_position=&#8221;left top&#8221;][vc_column width=&#8221;1\/3&#8243;]<div class=\"pricing-plan pricing-color-true wpb_content_element\">\n\t\t\t\t<div class=\"pricing-plan-head\" style=\"background-color:#cc2e2e;\">\n\t\t\t\t\t<h3>\u00c1ltal\u00e1nos<\/h3>\n\t\t\t\t\t<div class=\"pricing-price\"><span class=\"pricing-amount\">Grafikai tervez\u00e9s<\/span><span class=\"pricing-per\"><\/span><\/div>\n\t\t\t\t<\/div>\n\t\t\t\t\n<ul>\n<li><strong>N\u00e9vjegyk\u00e1rtya<\/strong>\u00a03 500 Ft \u2013 6 500 Ft<\/li>\n<li><strong>Log\u00f3\u00a0<\/strong>45 000 Ft \u2013 75 000 Ft<\/li>\n<li><strong>Kisarculat <\/strong>45 000 Ft \u2013 75 000 Ft<\/li>\n<li><strong>Nagyarculat <\/strong>75 000 Ft \u2013 160 000 Ft<\/li>\n<li><strong>Arculati k\u00e9zik\u00f6nyv <\/strong>75 000 Ft \u2013 160 000 Ft<\/li>\n<li><strong>Hirdet\u00e9s<\/strong> 5 000 Ft -15 000 Ft<\/li>\n<li><strong>Bor\u00edt\u00e9k, lev\u00e9lpap\u00edr <\/strong>5 000 Ft \u2013 10 000 Ft<\/li>\n<li><strong>K\u00e9peslap, megh\u00edv\u00f3 <\/strong>10 000 Ft \u201310 000 Ft<\/li>\n<li><strong>Napt\u00e1r <\/strong>10 000 Ft \u2013 20 000 Ft<\/li>\n<li><strong>E-mail sablon <\/strong>5 000 Ft \u2013 10 000 Ft<\/li>\n<li><strong>Fot\u00f3 retus\u00e1l\u00e1s <\/strong>1 000 Ft \u2013 8 000 Ft \/k\u00e9p<\/li>\n<li><strong>Vektoriz\u00e1l\u00e1s <\/strong>\u00a020 000 Ft-t\u00f3l<\/li>\n<\/ul>\n\n\t\t\t\t\n\t\t\t<\/div><div class=\"pricing-plan pricing-color-true wpb_content_element\">\n\t\t\t\t<div class=\"pricing-plan-head\" style=\"background-color:#444444;\">\n\t\t\t\t\t<h3>Dekor\u00e1ci\u00f3<\/h3>\n\t\t\t\t\t<div class=\"pricing-price\"><span class=\"pricing-amount\">Rekl\u00e1m anyagok<\/span><span class=\"pricing-per\"><\/span><\/div>\n\t\t\t\t<\/div>\n\t\t\t\t\n<ul>\n<li><strong>Sz\u00f3r\u00f3lap<\/strong> 10 000 Ft \u2013 20 000 Ft<\/li>\n<li><strong>Plak\u00e1t <\/strong>15 000 Ft \u2013 30 000 Ft<\/li>\n<li><strong>T\u00e1bla <\/strong>20 000 Ft \u2013 50 000 Ft m\u00e9rtt\u0151l f\u00fcgg\u0151en<\/li>\n<li><strong>Molin\u00f3<\/strong> 15 000 Ft \u2013 30 000 Ft m\u00e9rtt\u0151l f\u00fcgg\u0151en<\/li>\n<li><strong>Roll up<\/strong> 15 000 Ft \u2013 30 000 Ft<\/li>\n<li><strong>Matrica <\/strong>5 000 Ft \u2013 10 000 Ft<\/li>\n<li><strong>P\u00f3l\u00f3, ruh\u00e1zat<\/strong>\u00a0 5 000 Ft \u2013 15 000 Ft<\/li>\n<li><strong>Meg\u00e1ll\u00edt\u00f3 t\u00e1bla<\/strong> 10 000 Ft \u2013 25 000 Ft<\/li>\n<li><strong>J\u00e1rm\u0171 dekor\u00a0<\/strong>50 000 Ft \u2013 100 000 Ft<\/li>\n<li><strong>Katal\u00f3gus\u00a0<\/strong>1 000 Ft \u2013 4 500 Ft\/old.<\/li>\n<li><strong>Magazin<\/strong> 1 000 Ft \u2013 4 500 Ft\/old.<\/li>\n<li><strong>Mappa<\/strong> 10 000 Ft \u2013 15 000 Ft<\/li>\n<li><strong>\u00c9tlap <\/strong>10 000 Ft \u2013 30 000 Ft<\/li>\n<li><strong>Asztali al\u00e1t\u00e9t <\/strong>7 000 Ft \u2013 12 000 Ft<\/li>\n<li><strong>Pap\u00edrt\u00e1ska<\/strong> 4 000 Ft \u2013 9 000 Ft<\/li>\n<li><strong>Jegyzett\u00f6mb<\/strong> 3\u00a0000 Ft \u2013 6\u00a0000 Ft<\/li>\n<li><strong>Doboz<\/strong> 15 000 Ft \u2013 40 000 Ft<\/li>\n<li><strong>Z\u00e1szl\u00f3<\/strong> 5 000 Ft \u2013 15 000 Ft<\/li>\n<\/ul>\n\n\t\t\t\t\n\t\t\t<\/div>[\/vc_column][vc_column width=&#8221;1\/3&#8243;]<div class=\"pricing-plan pricing-color-true wpb_content_element\">\n\t\t\t\t<div class=\"pricing-plan-head\" style=\"background-color:#afafaf;\">\n\t\t\t\t\t<h3>K\u00f6z\u00f6ss\u00e9gi m\u00e9dia<\/h3>\n\t\t\t\t\t<div class=\"pricing-price\"><span class=\"pricing-amount\">Online megjelen\u00e9s<\/span><span class=\"pricing-per\"><\/span><\/div>\n\t\t\t\t<\/div>\n\t\t\t\t\n<ul>\n<li><strong>Weboldal k\u00e9sz\u00edt\u00e9s<br \/>\n<\/strong>150.000 Ft-t\u00f3l<\/li>\n<li><strong>Weboldal f\u0151oldal grafikai tervez\u00e9se<br \/>\n<\/strong>30 000 Ft &#8211; 50 000 Ft<\/li>\n<li><strong>Weboldal aloldalak tervez\u00e9se<br \/>\n<\/strong>10 000 Ft &#8211; 15 000 Ft<\/li>\n<li><strong>Facebook bor\u00edt\u00f3k\u00e9p<br \/>\n<\/strong>5000 Ft \u2013 10 000 Ft<\/li>\n<li><strong>Facebook oldal be\u00e1ll\u00edt\u00e1s<br \/>\n<\/strong>20 000 Ft<\/li>\n<li><strong>Facebook oldal menedzsel\u00e9s<br \/>\n<\/strong>35.000 Ft-t\u00f3l\/h\u00f3nap<\/li>\n<li><strong>Facebook hirdet\u00e9s<br \/>\n<\/strong>5.000 Ft\/alkalom+hirdet\u00e9si d\u00edj<\/li>\n<li><strong>Google C\u00e9gem + t\u00e9rk\u00e9p be\u00e1ll\u00edt\u00e1s<br \/>\n<\/strong>be\u00e1ll\u00edt\u00e1s 25 000 Ft<\/li>\n<li><strong>Google AdWords hirdt\u00e9s<\/strong><br \/>\n5.000 Ft\/alkalom+hirdet\u00e9si d\u00edj<\/li>\n<li><strong>Instagram oldal menedzsel\u00e9s<\/strong><br \/>\n20.000 Ft-t\u00f3l\/h\u00f3nap<\/li>\n<li><strong>Web banner<br \/>\n<\/strong>5 000 Ft \u2013 15 000 Ft<\/li>\n<\/ul>\n\n\t\t\t\t\n\t\t\t<\/div>[\/vc_column][vc_column width=&#8221;1\/3&#8243;][vc_column_text]<\/p>\n<h3>ONLINE MEGJELEN\u00c9S<\/h3>\n<h3>Milyen k\u00e9pet festesz a c\u00e9gedr\u0151l a vil\u00e1gh\u00e1l\u00f3n?<\/h3>\n<p>&nbsp;<\/p>\n<p>A rekl\u00e1mgrafikai \u00e9s arculati tervez\u00e9seken k\u00edv\u00fcl, f\u0151 profilunk az online m\u00e9dia vil\u00e1g\u00e1ban t\u00f6rt\u00e9n\u0151\u00a0l\u00e1tv\u00e1nyos\u00a0\u00e9s eredm\u00e9nyes megjelen\u00e9sek t\u00e1mogat\u00e1sa. Gyakran hallani, hogy aki\u00a0nem fektet el\u00e9g energi\u00e1t az online megjelen\u00e9s\u00e9re, szinte\u00a0nem is l\u00e9tez\u0151 v\u00e1llalkoz\u00e1s. Ebben tudunk mi a seg\u00edts\u00e9gedre lenni! \u00a0Fontos, hogy a c\u00e9lk\u00f6z\u00f6ns\u00e9gednek meg tudd mutatni minden el\u00e9rhet\u0151 csatorn\u00e1n, mit is tudsz nyujtani. Eszk\u00f6zeink seg\u00edts\u00e9g\u00e9vel felturb\u00f3zzuk a v\u00e1llalkoz\u00e1sod kin\u00e9zet\u00e9t az interneten, ak\u00e1r komplett online marketing tervvel egy\u00fctt. Gondolj csak bele: most olyan k\u00e9pet festesz a v\u00e1llalkoz\u00e1sodr\u00f3l, amilyet t\u00e9nyleg szeretn\u00e9l?[\/vc_column_text]<div class=\"single_image wpb_content_element align-left   image_opacity \" data-animation=\"none\" data-delay=\"0\"><img width=\"3825\" height=\"2662\" src=\"https:\/\/be-creative.hu\/wp-content\/uploads\/2018\/06\/padma_refi-1.jpg\" class=\"attachment-full\" alt=\"\" decoding=\"async\" loading=\"lazy\" srcset=\"https:\/\/be-creative.hu\/wp-content\/uploads\/2018\/06\/padma_refi-1.jpg 3825w, https:\/\/be-creative.hu\/wp-content\/uploads\/2018\/06\/padma_refi-1-300x209.jpg 300w, https:\/\/be-creative.hu\/wp-content\/uploads\/2018\/06\/padma_refi-1-768x534.jpg 768w, https:\/\/be-creative.hu\/wp-content\/uploads\/2018\/06\/padma_refi-1-1024x713.jpg 1024w\" sizes=\"(max-width: 3825px) 100vw, 3825px\" \/><\/div>[\/vc_column][\/vc_row]<\/p>\n","protected":false},"excerpt":{"rendered":"<p>[vc_row top_padding=&#8221;80&#8243; bottom_padding=&#8221;80&#8243; bg_position=&#8221;left top&#8221;][vc_column width=&#8221;1\/1&#8243;][vc_row_inner][vc_column_inner width=&#8221;1\/3&#8243;][\/vc_column_inner][vc_column_inner width=&#8221;1\/3&#8243;][\/vc_column_inner][vc_column_inner width=&#8221;1\/3&#8243;][\/vc_column_inner][\/vc_row_inner][\/vc_column][\/vc_row][vc_row bg_color=&#8221;#fafafa&#8221; top_padding=&#8221;80&#8243; bottom_padding=&#8221;80&#8243; bg_position=&#8221;left top&#8221;][vc_column width=&#8221;1\/3&#8243;][\/vc_column][vc_column width=&#8221;1\/3&#8243;][\/vc_column][vc_column width=&#8221;1\/3&#8243;][vc_column_text] ONLINE MEGJELEN\u00c9S Milyen k\u00e9pet festesz a c\u00e9gedr\u0151l a vil\u00e1gh\u00e1l\u00f3n? &nbsp; A rekl\u00e1mgrafikai \u00e9s arculati tervez\u00e9seken k\u00edv\u00fcl, f\u0151 profilunk az online m\u00e9dia vil\u00e1g\u00e1ban t\u00f6rt\u00e9n\u0151\u00a0l\u00e1tv\u00e1nyos\u00a0\u00e9s eredm\u00e9nyes megjelen\u00e9sek t\u00e1mogat\u00e1sa. Gyakran hallani, hogy aki\u00a0nem fektet el\u00e9g energi\u00e1t az online megjelen\u00e9s\u00e9re, szinte\u00a0nem is l\u00e9tez\u0151 v\u00e1llalkoz\u00e1s. Ebben tudunk mi a seg\u00edts\u00e9gedre lenni! \u00a0Fontos, hogy a c\u00e9lk\u00f6z\u00f6ns\u00e9gednek meg tudd mutatni minden el\u00e9rhet\u0151 csatorn\u00e1n, mit is tudsz nyujtani. Eszk\u00f6zeink seg\u00edts\u00e9g\u00e9vel felturb\u00f3zzuk a v\u00e1llalkoz\u00e1sod kin\u00e9zet\u00e9t az interneten, ak\u00e1r komplett online marketing tervvel egy\u00fctt. Gondolj csak bele: most olyan k\u00e9pet festesz a v\u00e1llalkoz\u00e1sodr\u00f3l, amilyet t\u00e9nyleg szeretn\u00e9l?[\/vc_column_text][\/vc_column][\/vc_row]<\/p>\n","protected":false},"author":2,"featured_media":0,"parent":3182,"menu_order":0,"comment_status":"closed","ping_status":"closed","template":"","meta":{"_bbp_topic_count":0,"_bbp_reply_count":0,"_bbp_total_topic_count":0,"_bbp_total_reply_count":0,"_bbp_voice_count":0,"_bbp_anonymous_reply_count":0,"_bbp_topic_count_hidden":0,"_bbp_reply_count_hidden":0,"_bbp_forum_subforum_count":0},"_links":{"self":[{"href":"https:\/\/be-creative.hu\/index.php\/wp-json\/wp\/v2\/pages\/221"}],"collection":[{"href":"https:\/\/be-creative.hu\/index.php\/wp-json\/wp\/v2\/pages"}],"about":[{"href":"https:\/\/be-creative.hu\/index.php\/wp-json\/wp\/v2\/types\/page"}],"author":[{"embeddable":true,"href":"https:\/\/be-creative.hu\/index.php\/wp-json\/wp\/v2\/users\/2"}],"replies":[{"embeddable":true,"href":"https:\/\/be-creative.hu\/index.php\/wp-json\/wp\/v2\/comments?post=221"}],"version-history":[{"count":5,"href":"https:\/\/be-creative.hu\/index.php\/wp-json\/wp\/v2\/pages\/221\/revisions"}],"predecessor-version":[{"id":16445,"href":"https:\/\/be-creative.hu\/index.php\/wp-json\/wp\/v2\/pages\/221\/revisions\/16445"}],"up":[{"embeddable":true,"href":"https:\/\/be-creative.hu\/index.php\/wp-json\/wp\/v2\/pages\/3182"}],"wp:attachment":[{"href":"https:\/\/be-creative.hu\/index.php\/wp-json\/wp\/v2\/media?parent=221"}],"curies":[{"name":"wp","href":"https:\/\/api.w.org\/{rel}","templated":true}]}}